{"id":68,"date":"2021-10-10T21:44:09","date_gmt":"2021-10-11T01:44:09","guid":{"rendered":"https:\/\/dryadreceipting.com\/?page_id=68"},"modified":"2022-11-23T08:17:43","modified_gmt":"2022-11-23T12:17:43","slug":"je-lachete-maintenant","status":"publish","type":"page","link":"https:\/\/dryadreceipting.com\/fr\/je-lachete-maintenant\/","title":{"rendered":"Je l\u2019ach\u00e8te maintenant"},"content":{"rendered":"<h1>A venir!<\/h1>\n<p>L&#8217;application est encore en cours de d\u00e9veloppement.<\/p>\n","protected":false},"excerpt":{"rendered":"<p>A venir! L&#8217;application est encore en cours de d\u00e9veloppement.<\/p>\n","protected":false},"author":1,"featured_media":0,"parent":0,"menu_order":0,"comment_status":"closed","ping_status":"closed","template":"full-width.php","meta":{"nf_dc_page":"","_monsterinsights_skip_tracking":false,"_monsterinsights_sitenote_active":false,"_monsterinsights_sitenote_note":"","_monsterinsights_sitenote_category":0,"footnotes":""},"class_list":["post-68","page","type-page","status-publish","hentry","post index-post"],"yoast_head":"<!-- This site is optimized with the Yoast SEO plugin v27.4 - https:\/\/yoast.com\/product\/yoast-seo-wordpress\/ -->\n<title>Je l\u2019ach\u00e8te maintenant - Dryad Receipting for Salesforce<\/title>\n<meta name=\"robots\" content=\"index, follow, max-snippet:-1, max-image-preview:large, max-video-preview:-1\" \/>\n<link rel=\"canonical\" href=\"https:\/\/dryadreceipting.com\/fr\/je-lachete-maintenant\/\" \/>\n<meta property=\"og:locale\" content=\"fr_FR\" \/>\n<meta property=\"og:type\" content=\"article\" \/>\n<meta property=\"og:title\" content=\"Je l\u2019ach\u00e8te maintenant - Dryad Receipting for Salesforce\" \/>\n<meta property=\"og:description\" content=\"A venir! L&#8217;application est encore en cours de d\u00e9veloppement.\" \/>\n<meta property=\"og:url\" content=\"https:\/\/dryadreceipting.com\/fr\/je-lachete-maintenant\/\" \/>\n<meta property=\"og:site_name\" content=\"Dryad Receipting for Salesforce\" \/>\n<meta property=\"article:modified_time\" content=\"2022-11-23T12:17:43+00:00\" \/>\n<meta name=\"twitter:card\" content=\"summary_large_image\" \/>\n<meta name=\"twitter:label1\" content=\"Dur\u00e9e de lecture estim\u00e9e\" \/>\n\t<meta name=\"twitter:data1\" content=\"1 minute\" \/>\n<script type=\"application\/ld+json\" class=\"yoast-schema-graph\">{\"@context\":\"https:\\\/\\\/schema.org\",\"@graph\":[{\"@type\":\"WebPage\",\"@id\":\"https:\\\/\\\/dryadreceipting.com\\\/fr\\\/je-lachete-maintenant\\\/\",\"url\":\"https:\\\/\\\/dryadreceipting.com\\\/fr\\\/je-lachete-maintenant\\\/\",\"name\":\"Je l\u2019ach\u00e8te maintenant - Dryad Receipting for Salesforce\",\"isPartOf\":{\"@id\":\"https:\\\/\\\/dryadreceipting.com\\\/fr\\\/#website\"},\"datePublished\":\"2021-10-11T01:44:09+00:00\",\"dateModified\":\"2022-11-23T12:17:43+00:00\",\"breadcrumb\":{\"@id\":\"https:\\\/\\\/dryadreceipting.com\\\/fr\\\/je-lachete-maintenant\\\/#breadcrumb\"},\"inLanguage\":\"fr-FR\",\"potentialAction\":[{\"@type\":\"ReadAction\",\"target\":[\"https:\\\/\\\/dryadreceipting.com\\\/fr\\\/je-lachete-maintenant\\\/\"]}]},{\"@type\":\"BreadcrumbList\",\"@id\":\"https:\\\/\\\/dryadreceipting.com\\\/fr\\\/je-lachete-maintenant\\\/#breadcrumb\",\"itemListElement\":[{\"@type\":\"ListItem\",\"position\":1,\"name\":\"Home\",\"item\":\"https:\\\/\\\/dryadreceipting.com\\\/fr\\\/\"},{\"@type\":\"ListItem\",\"position\":2,\"name\":\"Je l\u2019ach\u00e8te maintenant\"}]},{\"@type\":\"WebSite\",\"@id\":\"https:\\\/\\\/dryadreceipting.com\\\/fr\\\/#website\",\"url\":\"https:\\\/\\\/dryadreceipting.com\\\/fr\\\/\",\"name\":\"Dryad Receipting\",\"description\":\"D\u00e9livrance de re\u00e7us fiscaux aux organismes canadiens \u00e0 but non lucratif\",\"publisher\":{\"@id\":\"https:\\\/\\\/dryadreceipting.com\\\/fr\\\/#organization\"},\"potentialAction\":[{\"@type\":\"SearchAction\",\"target\":{\"@type\":\"EntryPoint\",\"urlTemplate\":\"https:\\\/\\\/dryadreceipting.com\\\/fr\\\/?s={search_term_string}\"},\"query-input\":{\"@type\":\"PropertyValueSpecification\",\"valueRequired\":true,\"valueName\":\"search_term_string\"}}],\"inLanguage\":\"fr-FR\"},{\"@type\":\"Organization\",\"@id\":\"https:\\\/\\\/dryadreceipting.com\\\/fr\\\/#organization\",\"name\":\"Dryad Consulting\",\"url\":\"https:\\\/\\\/dryadreceipting.com\\\/fr\\\/\",\"logo\":{\"@type\":\"ImageObject\",\"inLanguage\":\"fr-FR\",\"@id\":\"https:\\\/\\\/dryadreceipting.com\\\/fr\\\/#\\\/schema\\\/logo\\\/image\\\/\",\"url\":\"https:\\\/\\\/dryadreceipting.com\\\/wp-content\\\/uploads\\\/2021\\\/10\\\/Dryad-Consulting.png\",\"contentUrl\":\"https:\\\/\\\/dryadreceipting.com\\\/wp-content\\\/uploads\\\/2021\\\/10\\\/Dryad-Consulting.png\",\"width\":150,\"height\":85,\"caption\":\"Dryad Consulting\"},\"image\":{\"@id\":\"https:\\\/\\\/dryadreceipting.com\\\/fr\\\/#\\\/schema\\\/logo\\\/image\\\/\"}}]}<\/script>\n<!-- \/ Yoast SEO plugin. -->","yoast_head_json":{"title":"Je l\u2019ach\u00e8te maintenant - Dryad Receipting for Salesforce","robots":{"index":"index","follow":"follow","max-snippet":"max-snippet:-1","max-image-preview":"max-image-preview:large","max-video-preview":"max-video-preview:-1"},"canonical":"https:\/\/dryadreceipting.com\/fr\/je-lachete-maintenant\/","og_locale":"fr_FR","og_type":"article","og_title":"Je l\u2019ach\u00e8te maintenant - Dryad Receipting for Salesforce","og_description":"A venir! L&#8217;application est encore en cours de d\u00e9veloppement.","og_url":"https:\/\/dryadreceipting.com\/fr\/je-lachete-maintenant\/","og_site_name":"Dryad Receipting for Salesforce","article_modified_time":"2022-11-23T12:17:43+00:00","twitter_card":"summary_large_image","twitter_misc":{"Dur\u00e9e de lecture estim\u00e9e":"1 minute"},"schema":{"@context":"https:\/\/schema.org","@graph":[{"@type":"WebPage","@id":"https:\/\/dryadreceipting.com\/fr\/je-lachete-maintenant\/","url":"https:\/\/dryadreceipting.com\/fr\/je-lachete-maintenant\/","name":"Je l\u2019ach\u00e8te maintenant - Dryad Receipting for Salesforce","isPartOf":{"@id":"https:\/\/dryadreceipting.com\/fr\/#website"},"datePublished":"2021-10-11T01:44:09+00:00","dateModified":"2022-11-23T12:17:43+00:00","breadcrumb":{"@id":"https:\/\/dryadreceipting.com\/fr\/je-lachete-maintenant\/#breadcrumb"},"inLanguage":"fr-FR","potentialAction":[{"@type":"ReadAction","target":["https:\/\/dryadreceipting.com\/fr\/je-lachete-maintenant\/"]}]},{"@type":"BreadcrumbList","@id":"https:\/\/dryadreceipting.com\/fr\/je-lachete-maintenant\/#breadcrumb","itemListElement":[{"@type":"ListItem","position":1,"name":"Home","item":"https:\/\/dryadreceipting.com\/fr\/"},{"@type":"ListItem","position":2,"name":"Je l\u2019ach\u00e8te maintenant"}]},{"@type":"WebSite","@id":"https:\/\/dryadreceipting.com\/fr\/#website","url":"https:\/\/dryadreceipting.com\/fr\/","name":"Dryad Receipting","description":"D\u00e9livrance de re\u00e7us fiscaux aux organismes canadiens \u00e0 but non lucratif","publisher":{"@id":"https:\/\/dryadreceipting.com\/fr\/#organization"},"potentialAction":[{"@type":"SearchAction","target":{"@type":"EntryPoint","urlTemplate":"https:\/\/dryadreceipting.com\/fr\/?s={search_term_string}"},"query-input":{"@type":"PropertyValueSpecification","valueRequired":true,"valueName":"search_term_string"}}],"inLanguage":"fr-FR"},{"@type":"Organization","@id":"https:\/\/dryadreceipting.com\/fr\/#organization","name":"Dryad Consulting","url":"https:\/\/dryadreceipting.com\/fr\/","logo":{"@type":"ImageObject","inLanguage":"fr-FR","@id":"https:\/\/dryadreceipting.com\/fr\/#\/schema\/logo\/image\/","url":"https:\/\/dryadreceipting.com\/wp-content\/uploads\/2021\/10\/Dryad-Consulting.png","contentUrl":"https:\/\/dryadreceipting.com\/wp-content\/uploads\/2021\/10\/Dryad-Consulting.png","width":150,"height":85,"caption":"Dryad Consulting"},"image":{"@id":"https:\/\/dryadreceipting.com\/fr\/#\/schema\/logo\/image\/"}}]}},"_links":{"self":[{"href":"https:\/\/dryadreceipting.com\/fr\/wp-json\/wp\/v2\/pages\/68","targetHints":{"allow":["GET"]}}],"collection":[{"href":"https:\/\/dryadreceipting.com\/fr\/wp-json\/wp\/v2\/pages"}],"about":[{"href":"https:\/\/dryadreceipting.com\/fr\/wp-json\/wp\/v2\/types\/page"}],"author":[{"embeddable":true,"href":"https:\/\/dryadreceipting.com\/fr\/wp-json\/wp\/v2\/users\/1"}],"replies":[{"embeddable":true,"href":"https:\/\/dryadreceipting.com\/fr\/wp-json\/wp\/v2\/comments?post=68"}],"version-history":[{"count":5,"href":"https:\/\/dryadreceipting.com\/fr\/wp-json\/wp\/v2\/pages\/68\/revisions"}],"predecessor-version":[{"id":557,"href":"https:\/\/dryadreceipting.com\/fr\/wp-json\/wp\/v2\/pages\/68\/revisions\/557"}],"wp:attachment":[{"href":"https:\/\/dryadreceipting.com\/fr\/wp-json\/wp\/v2\/media?parent=68"}],"curies":[{"name":"wp","href":"https:\/\/api.w.org\/{rel}","templated":true}]}}