{"id":438,"date":"2022-02-26T18:01:25","date_gmt":"2022-02-26T22:01:25","guid":{"rendered":"https:\/\/dryadreceipting.com\/?page_id=438"},"modified":"2022-11-23T08:18:47","modified_gmt":"2022-11-23T12:18:47","slug":"pour-nous-joindre","status":"publish","type":"page","link":"https:\/\/dryadreceipting.com\/fr\/pour-nous-joindre\/","title":{"rendered":"Pour nous joindre"},"content":{"rendered":"\r\n<div class='content-column one_half'><h2>Demandes g\u00e9n\u00e9rales et avant achat<\/h2>\r\n<p>Vous avez une question sur l\u2019application avant votre achat? Veuillez remplir le formulaire ci-dessous et nous communiquerons avec vous au plus t\u00f4t.<\/p>\r\n\r\n<div class=\"wpforms-container wpforms-container-full\" id=\"wpforms-527\"><form id=\"wpforms-form-527\" class=\"wpforms-validate wpforms-form wpforms-ajax-form\" data-formid=\"527\" method=\"post\" enctype=\"multipart\/form-data\" action=\"\/fr\/wp-json\/wp\/v2\/pages\/438\" data-token=\"dc20c4ea4221ce648a4e89b8ac931d40\" data-token-time=\"1776957308\"><noscript class=\"wpforms-error-noscript\">Veuillez activer JavaScript dans votre navigateur pour remplir ce formulaire.<\/noscript><div class=\"wpforms-field-container\"><div id=\"wpforms-527-field_0-container\" class=\"wpforms-field wpforms-field-name\" data-field-id=\"0\"><label class=\"wpforms-field-label\" for=\"wpforms-527-field_0\">Nom <span class=\"wpforms-required-label\">*<\/span><\/label><input type=\"text\" id=\"wpforms-527-field_0\" class=\"wpforms-field-medium wpforms-field-required\" name=\"wpforms[fields][0]\" required><\/div><div id=\"wpforms-527-field_1-container\" class=\"wpforms-field wpforms-field-email\" data-field-id=\"1\"><label class=\"wpforms-field-label\" for=\"wpforms-527-field_1\">Courriel <span class=\"wpforms-required-label\">*<\/span><\/label><input type=\"email\" id=\"wpforms-527-field_1\" class=\"wpforms-field-medium wpforms-field-required\" name=\"wpforms[fields][1]\" spellcheck=\"false\" required><\/div><div id=\"wpforms-527-field_2-container\" class=\"wpforms-field wpforms-field-textarea\" data-field-id=\"2\"><label class=\"wpforms-field-label\" for=\"wpforms-527-field_2\">Message <span class=\"wpforms-required-label\">*<\/span><\/label><textarea id=\"wpforms-527-field_2\" class=\"wpforms-field-medium wpforms-field-required\" name=\"wpforms[fields][2]\" required><\/textarea><\/div><\/div><!-- .wpforms-field-container --><div class=\"wpforms-recaptcha-container wpforms-is-recaptcha wpforms-is-recaptcha-type-v3\" ><input type=\"hidden\" name=\"wpforms[recaptcha]\" value=\"\"><\/div><div class=\"wpforms-submit-container\" ><input type=\"hidden\" name=\"wpforms[id]\" value=\"527\"><input type=\"hidden\" name=\"page_title\" value=\"\"><input type=\"hidden\" name=\"page_url\" value=\"https:\/\/dryadreceipting.com\/fr\/wp-json\/wp\/v2\/pages\/438\"><input type=\"hidden\" name=\"url_referer\" value=\"\"><button type=\"submit\" name=\"wpforms[submit]\" id=\"wpforms-submit-527\" class=\"wpforms-submit\" data-alt-text=\"Sending...\" data-submit-text=\"SOUMETTRE\" aria-live=\"assertive\" value=\"wpforms-submit\">SOUMETTRE<\/button><img loading=\"lazy\" decoding=\"async\" src=\"https:\/\/dryadreceipting.com\/wp-content\/plugins\/wpforms-lite\/assets\/images\/submit-spin.svg\" class=\"wpforms-submit-spinner\" style=\"display: none;\" width=\"26\" height=\"26\" alt=\"Chargement en cours\"><\/div><\/form><\/div>  <!-- .wpforms-container --><\/div>\r\n<div class='content-column one_half last_column'><h2>Support<\/h2>\r\n<p>Vous souhaitez consulter la documentation ou vous avez besoin d\u2019aide? Visitez la <a href=\"https:\/\/support.dryadreceipting.com\" target=\"_blank\" rel=\"noopener\">page support<\/a><\/p>\r\n<p>Vous \u00eates d\u00e9j\u00e0 client ou cliente et voulez g\u00e9rer votre abonnement? Visitez la <a href=\"https:\/\/plan.dryadreceipting.com\" target=\"_blank\" rel=\"noopener\">page de gestion de votre plan<\/a><\/p>\r\n<h2>\u00c0 propos de<\/h2>\r\n<p>Dryad Receipting est con\u00e7u et entretenu par <a href=\"https:\/\/dryadconsulting.com\/fr\" target=\"_blank\" rel=\"noopener\">Dryad Consulting<\/a>, un partenaire de Salesforce sp\u00e9cialis\u00e9 dans les organisations \u00e0 but non lucratif.<\/p>\r\n<h2>Installer l\u2019application<\/h2>\r\n<p>Vous ne savez pas par o\u00f9 commencer?<br \/><a href=\"https:\/\/dryadreceipting.com\/fr\/je-lachete-maintenant\/\">Je l\u2019ach\u00e8te maintenant<\/a><\/p><\/div><div class='clear_column'><\/div>","protected":false},"excerpt":{"rendered":"","protected":false},"author":1,"featured_media":0,"parent":0,"menu_order":0,"comment_status":"closed","ping_status":"closed","template":"full-width.php","meta":{"nf_dc_page":"contact","_monsterinsights_skip_tracking":false,"_monsterinsights_sitenote_active":false,"_monsterinsights_sitenote_note":"","_monsterinsights_sitenote_category":0,"footnotes":""},"class_list":["post-438","page","type-page","status-publish","hentry","post index-post"],"yoast_head":"<!-- This site is optimized with the Yoast SEO plugin v27.4 - https:\/\/yoast.com\/product\/yoast-seo-wordpress\/ -->\n<title>Pour nous joindre - Dryad Receipting for Salesforce<\/title>\n<meta name=\"robots\" content=\"index, follow, max-snippet:-1, max-image-preview:large, max-video-preview:-1\" \/>\n<link rel=\"canonical\" href=\"https:\/\/dryadreceipting.com\/fr\/pour-nous-joindre\/\" \/>\n<meta property=\"og:locale\" content=\"fr_FR\" \/>\n<meta property=\"og:type\" content=\"article\" \/>\n<meta property=\"og:title\" content=\"Pour nous joindre - Dryad Receipting for Salesforce\" \/>\n<meta property=\"og:url\" content=\"https:\/\/dryadreceipting.com\/fr\/pour-nous-joindre\/\" \/>\n<meta property=\"og:site_name\" content=\"Dryad Receipting for Salesforce\" \/>\n<meta property=\"article:modified_time\" content=\"2022-11-23T12:18:47+00:00\" \/>\n<meta name=\"twitter:card\" content=\"summary_large_image\" \/>\n<meta name=\"twitter:label1\" content=\"Dur\u00e9e de lecture estim\u00e9e\" \/>\n\t<meta name=\"twitter:data1\" content=\"1 minute\" \/>\n<script type=\"application\/ld+json\" class=\"yoast-schema-graph\">{\"@context\":\"https:\\\/\\\/schema.org\",\"@graph\":[{\"@type\":\"WebPage\",\"@id\":\"https:\\\/\\\/dryadreceipting.com\\\/fr\\\/pour-nous-joindre\\\/\",\"url\":\"https:\\\/\\\/dryadreceipting.com\\\/fr\\\/pour-nous-joindre\\\/\",\"name\":\"Pour nous joindre - Dryad Receipting for Salesforce\",\"isPartOf\":{\"@id\":\"https:\\\/\\\/dryadreceipting.com\\\/fr\\\/#website\"},\"datePublished\":\"2022-02-26T22:01:25+00:00\",\"dateModified\":\"2022-11-23T12:18:47+00:00\",\"breadcrumb\":{\"@id\":\"https:\\\/\\\/dryadreceipting.com\\\/fr\\\/pour-nous-joindre\\\/#breadcrumb\"},\"inLanguage\":\"fr-FR\",\"potentialAction\":[{\"@type\":\"ReadAction\",\"target\":[\"https:\\\/\\\/dryadreceipting.com\\\/fr\\\/pour-nous-joindre\\\/\"]}]},{\"@type\":\"BreadcrumbList\",\"@id\":\"https:\\\/\\\/dryadreceipting.com\\\/fr\\\/pour-nous-joindre\\\/#breadcrumb\",\"itemListElement\":[{\"@type\":\"ListItem\",\"position\":1,\"name\":\"Home\",\"item\":\"https:\\\/\\\/dryadreceipting.com\\\/fr\\\/\"},{\"@type\":\"ListItem\",\"position\":2,\"name\":\"Pour nous joindre\"}]},{\"@type\":\"WebSite\",\"@id\":\"https:\\\/\\\/dryadreceipting.com\\\/fr\\\/#website\",\"url\":\"https:\\\/\\\/dryadreceipting.com\\\/fr\\\/\",\"name\":\"Dryad Receipting\",\"description\":\"D\u00e9livrance de re\u00e7us fiscaux aux organismes canadiens \u00e0 but non lucratif\",\"publisher\":{\"@id\":\"https:\\\/\\\/dryadreceipting.com\\\/fr\\\/#organization\"},\"potentialAction\":[{\"@type\":\"SearchAction\",\"target\":{\"@type\":\"EntryPoint\",\"urlTemplate\":\"https:\\\/\\\/dryadreceipting.com\\\/fr\\\/?s={search_term_string}\"},\"query-input\":{\"@type\":\"PropertyValueSpecification\",\"valueRequired\":true,\"valueName\":\"search_term_string\"}}],\"inLanguage\":\"fr-FR\"},{\"@type\":\"Organization\",\"@id\":\"https:\\\/\\\/dryadreceipting.com\\\/fr\\\/#organization\",\"name\":\"Dryad Consulting\",\"url\":\"https:\\\/\\\/dryadreceipting.com\\\/fr\\\/\",\"logo\":{\"@type\":\"ImageObject\",\"inLanguage\":\"fr-FR\",\"@id\":\"https:\\\/\\\/dryadreceipting.com\\\/fr\\\/#\\\/schema\\\/logo\\\/image\\\/\",\"url\":\"https:\\\/\\\/dryadreceipting.com\\\/wp-content\\\/uploads\\\/2021\\\/10\\\/Dryad-Consulting.png\",\"contentUrl\":\"https:\\\/\\\/dryadreceipting.com\\\/wp-content\\\/uploads\\\/2021\\\/10\\\/Dryad-Consulting.png\",\"width\":150,\"height\":85,\"caption\":\"Dryad Consulting\"},\"image\":{\"@id\":\"https:\\\/\\\/dryadreceipting.com\\\/fr\\\/#\\\/schema\\\/logo\\\/image\\\/\"}}]}<\/script>\n<!-- \/ Yoast SEO plugin. -->","yoast_head_json":{"title":"Pour nous joindre - Dryad Receipting for Salesforce","robots":{"index":"index","follow":"follow","max-snippet":"max-snippet:-1","max-image-preview":"max-image-preview:large","max-video-preview":"max-video-preview:-1"},"canonical":"https:\/\/dryadreceipting.com\/fr\/pour-nous-joindre\/","og_locale":"fr_FR","og_type":"article","og_title":"Pour nous joindre - Dryad Receipting for Salesforce","og_url":"https:\/\/dryadreceipting.com\/fr\/pour-nous-joindre\/","og_site_name":"Dryad Receipting for Salesforce","article_modified_time":"2022-11-23T12:18:47+00:00","twitter_card":"summary_large_image","twitter_misc":{"Dur\u00e9e de lecture estim\u00e9e":"1 minute"},"schema":{"@context":"https:\/\/schema.org","@graph":[{"@type":"WebPage","@id":"https:\/\/dryadreceipting.com\/fr\/pour-nous-joindre\/","url":"https:\/\/dryadreceipting.com\/fr\/pour-nous-joindre\/","name":"Pour nous joindre - Dryad Receipting for Salesforce","isPartOf":{"@id":"https:\/\/dryadreceipting.com\/fr\/#website"},"datePublished":"2022-02-26T22:01:25+00:00","dateModified":"2022-11-23T12:18:47+00:00","breadcrumb":{"@id":"https:\/\/dryadreceipting.com\/fr\/pour-nous-joindre\/#breadcrumb"},"inLanguage":"fr-FR","potentialAction":[{"@type":"ReadAction","target":["https:\/\/dryadreceipting.com\/fr\/pour-nous-joindre\/"]}]},{"@type":"BreadcrumbList","@id":"https:\/\/dryadreceipting.com\/fr\/pour-nous-joindre\/#breadcrumb","itemListElement":[{"@type":"ListItem","position":1,"name":"Home","item":"https:\/\/dryadreceipting.com\/fr\/"},{"@type":"ListItem","position":2,"name":"Pour nous joindre"}]},{"@type":"WebSite","@id":"https:\/\/dryadreceipting.com\/fr\/#website","url":"https:\/\/dryadreceipting.com\/fr\/","name":"Dryad Receipting","description":"D\u00e9livrance de re\u00e7us fiscaux aux organismes canadiens \u00e0 but non lucratif","publisher":{"@id":"https:\/\/dryadreceipting.com\/fr\/#organization"},"potentialAction":[{"@type":"SearchAction","target":{"@type":"EntryPoint","urlTemplate":"https:\/\/dryadreceipting.com\/fr\/?s={search_term_string}"},"query-input":{"@type":"PropertyValueSpecification","valueRequired":true,"valueName":"search_term_string"}}],"inLanguage":"fr-FR"},{"@type":"Organization","@id":"https:\/\/dryadreceipting.com\/fr\/#organization","name":"Dryad Consulting","url":"https:\/\/dryadreceipting.com\/fr\/","logo":{"@type":"ImageObject","inLanguage":"fr-FR","@id":"https:\/\/dryadreceipting.com\/fr\/#\/schema\/logo\/image\/","url":"https:\/\/dryadreceipting.com\/wp-content\/uploads\/2021\/10\/Dryad-Consulting.png","contentUrl":"https:\/\/dryadreceipting.com\/wp-content\/uploads\/2021\/10\/Dryad-Consulting.png","width":150,"height":85,"caption":"Dryad Consulting"},"image":{"@id":"https:\/\/dryadreceipting.com\/fr\/#\/schema\/logo\/image\/"}}]}},"_links":{"self":[{"href":"https:\/\/dryadreceipting.com\/fr\/wp-json\/wp\/v2\/pages\/438","targetHints":{"allow":["GET"]}}],"collection":[{"href":"https:\/\/dryadreceipting.com\/fr\/wp-json\/wp\/v2\/pages"}],"about":[{"href":"https:\/\/dryadreceipting.com\/fr\/wp-json\/wp\/v2\/types\/page"}],"author":[{"embeddable":true,"href":"https:\/\/dryadreceipting.com\/fr\/wp-json\/wp\/v2\/users\/1"}],"replies":[{"embeddable":true,"href":"https:\/\/dryadreceipting.com\/fr\/wp-json\/wp\/v2\/comments?post=438"}],"version-history":[{"count":6,"href":"https:\/\/dryadreceipting.com\/fr\/wp-json\/wp\/v2\/pages\/438\/revisions"}],"predecessor-version":[{"id":559,"href":"https:\/\/dryadreceipting.com\/fr\/wp-json\/wp\/v2\/pages\/438\/revisions\/559"}],"wp:attachment":[{"href":"https:\/\/dryadreceipting.com\/fr\/wp-json\/wp\/v2\/media?parent=438"}],"curies":[{"name":"wp","href":"https:\/\/api.w.org\/{rel}","templated":true}]}}