{"id":434,"date":"2022-06-15T23:08:22","date_gmt":"2022-06-16T03:08:22","guid":{"rendered":"https:\/\/dryadreceipting.com\/?page_id=434"},"modified":"2023-03-27T08:08:58","modified_gmt":"2023-03-27T12:08:58","slug":"service-dinstallation","status":"publish","type":"page","link":"https:\/\/dryadreceipting.com\/fr\/service-dinstallation\/","title":{"rendered":"Service d\u2019installation"},"content":{"rendered":"<p>Soyons francs, \u00e7a vaut la peine parfois de demander l\u2019aide d\u2019une personne! L\u2019installation d\u2019une application peut s\u2019av\u00e9rer d\u00e9licate. Puis, vous voulez que ce soit bien fait du premier coup. C\u2019est compr\u00e9hensible.<\/p>\n<p>Peut-\u00eatre que&#8230;<\/p>\n<ul>\n<li>vous voulez avoir la certitude que l\u2019application est correctement configur\u00e9e du premier coup<\/li>\n<li>vous pr\u00e9f\u00e9rez vous concentrer sur votre mission et d\u00e9l\u00e9guer cette t\u00e2che<\/li>\n<li>vous n\u2019avez pas confiance en vos capacit\u00e9s techniques<\/li>\n<\/ul>\n<p>Ce service cl\u00e9 en main s\u2019occupe de tout le travail pour vous. Ainsi, vous pourrez rapidement commencer \u00e0 envoyer des re\u00e7us fiscaux.<\/p>\n<h2>Comment \u00e7a fonctionne<\/h2>\n<ol>\n<li>Effectuez votre paiement \u00e0 l\u2019aide du bouton ci-dessous<\/li>\n<li>Nous communiquerons avec vous pour planifier un appel de lancement<\/li>\n<li>Nous conviendrons d\u2019un \u00e9ch\u00e9ancier et d\u2019une strat\u00e9gie de d\u00e9ploiement<\/li>\n<li>Nous installerons et configurerons Dryad Receipting for Salesforce dans votre environnement<\/li>\n<li>Nous r\u00e9pondrons \u00e0 toutes vos questions sur l\u2019installation<\/li>\n<\/ol>\n<h2>Besoin d\u2019aide?<\/h2>\n<form action=\"https:\/\/buy.stripe.com\/9AQ16ba3DfOR0OAdQW\" method=\"get\"><button class=\"cta-red\" type=\"submit\">ACHETER MAINTENANT<\/button><\/form>\n","protected":false},"excerpt":{"rendered":"<p>Soyons francs, \u00e7a vaut la peine parfois de demander l\u2019aide d\u2019une personne! L\u2019installation d\u2019une application peut s\u2019av\u00e9rer d\u00e9licate. Puis, vous voulez que ce soit bien fait du premier coup. C\u2019est compr\u00e9hensible. Peut-\u00eatre que&#8230; vous voulez avoir la certitude que l\u2019application est correctement configur\u00e9e du premier coup vous pr\u00e9f\u00e9rez vous concentrer sur votre mission et d\u00e9l\u00e9guer [&hellip;]<\/p>\n","protected":false},"author":1,"featured_media":0,"parent":0,"menu_order":0,"comment_status":"closed","ping_status":"closed","template":"full-width.php","meta":{"nf_dc_page":"","_monsterinsights_skip_tracking":false,"_monsterinsights_sitenote_active":false,"_monsterinsights_sitenote_note":"","_monsterinsights_sitenote_category":0,"footnotes":""},"class_list":["post-434","page","type-page","status-publish","hentry","post index-post"],"yoast_head":"<!-- This site is optimized with the Yoast SEO plugin v27.4 - https:\/\/yoast.com\/product\/yoast-seo-wordpress\/ -->\n<title>Service d\u2019installation - Dryad Receipting for Salesforce<\/title>\n<meta name=\"robots\" content=\"index, follow, max-snippet:-1, max-image-preview:large, max-video-preview:-1\" \/>\n<link rel=\"canonical\" href=\"https:\/\/dryadreceipting.com\/fr\/service-dinstallation\/\" \/>\n<meta property=\"og:locale\" content=\"fr_FR\" \/>\n<meta property=\"og:type\" content=\"article\" \/>\n<meta property=\"og:title\" content=\"Service d\u2019installation - Dryad Receipting for Salesforce\" \/>\n<meta property=\"og:description\" content=\"Soyons francs, \u00e7a vaut la peine parfois de demander l\u2019aide d\u2019une personne! L\u2019installation d\u2019une application peut s\u2019av\u00e9rer d\u00e9licate. Puis, vous voulez que ce soit bien fait du premier coup. C\u2019est compr\u00e9hensible. Peut-\u00eatre que&#8230; vous voulez avoir la certitude que l\u2019application est correctement configur\u00e9e du premier coup vous pr\u00e9f\u00e9rez vous concentrer sur votre mission et d\u00e9l\u00e9guer [&hellip;]\" \/>\n<meta property=\"og:url\" content=\"https:\/\/dryadreceipting.com\/fr\/service-dinstallation\/\" \/>\n<meta property=\"og:site_name\" content=\"Dryad Receipting for Salesforce\" \/>\n<meta property=\"article:modified_time\" content=\"2023-03-27T12:08:58+00:00\" \/>\n<meta name=\"twitter:card\" content=\"summary_large_image\" \/>\n<meta name=\"twitter:label1\" content=\"Dur\u00e9e de lecture estim\u00e9e\" \/>\n\t<meta name=\"twitter:data1\" content=\"1 minute\" \/>\n<script type=\"application\/ld+json\" class=\"yoast-schema-graph\">{\"@context\":\"https:\\\/\\\/schema.org\",\"@graph\":[{\"@type\":\"WebPage\",\"@id\":\"https:\\\/\\\/dryadreceipting.com\\\/fr\\\/service-dinstallation\\\/\",\"url\":\"https:\\\/\\\/dryadreceipting.com\\\/fr\\\/service-dinstallation\\\/\",\"name\":\"Service d\u2019installation - Dryad Receipting for Salesforce\",\"isPartOf\":{\"@id\":\"https:\\\/\\\/dryadreceipting.com\\\/fr\\\/#website\"},\"datePublished\":\"2022-06-16T03:08:22+00:00\",\"dateModified\":\"2023-03-27T12:08:58+00:00\",\"breadcrumb\":{\"@id\":\"https:\\\/\\\/dryadreceipting.com\\\/fr\\\/service-dinstallation\\\/#breadcrumb\"},\"inLanguage\":\"fr-FR\",\"potentialAction\":[{\"@type\":\"ReadAction\",\"target\":[\"https:\\\/\\\/dryadreceipting.com\\\/fr\\\/service-dinstallation\\\/\"]}]},{\"@type\":\"BreadcrumbList\",\"@id\":\"https:\\\/\\\/dryadreceipting.com\\\/fr\\\/service-dinstallation\\\/#breadcrumb\",\"itemListElement\":[{\"@type\":\"ListItem\",\"position\":1,\"name\":\"Home\",\"item\":\"https:\\\/\\\/dryadreceipting.com\\\/fr\\\/\"},{\"@type\":\"ListItem\",\"position\":2,\"name\":\"Service d\u2019installation\"}]},{\"@type\":\"WebSite\",\"@id\":\"https:\\\/\\\/dryadreceipting.com\\\/fr\\\/#website\",\"url\":\"https:\\\/\\\/dryadreceipting.com\\\/fr\\\/\",\"name\":\"Dryad Receipting\",\"description\":\"D\u00e9livrance de re\u00e7us fiscaux aux organismes canadiens \u00e0 but non lucratif\",\"publisher\":{\"@id\":\"https:\\\/\\\/dryadreceipting.com\\\/fr\\\/#organization\"},\"potentialAction\":[{\"@type\":\"SearchAction\",\"target\":{\"@type\":\"EntryPoint\",\"urlTemplate\":\"https:\\\/\\\/dryadreceipting.com\\\/fr\\\/?s={search_term_string}\"},\"query-input\":{\"@type\":\"PropertyValueSpecification\",\"valueRequired\":true,\"valueName\":\"search_term_string\"}}],\"inLanguage\":\"fr-FR\"},{\"@type\":\"Organization\",\"@id\":\"https:\\\/\\\/dryadreceipting.com\\\/fr\\\/#organization\",\"name\":\"Dryad Consulting\",\"url\":\"https:\\\/\\\/dryadreceipting.com\\\/fr\\\/\",\"logo\":{\"@type\":\"ImageObject\",\"inLanguage\":\"fr-FR\",\"@id\":\"https:\\\/\\\/dryadreceipting.com\\\/fr\\\/#\\\/schema\\\/logo\\\/image\\\/\",\"url\":\"https:\\\/\\\/dryadreceipting.com\\\/wp-content\\\/uploads\\\/2021\\\/10\\\/Dryad-Consulting.png\",\"contentUrl\":\"https:\\\/\\\/dryadreceipting.com\\\/wp-content\\\/uploads\\\/2021\\\/10\\\/Dryad-Consulting.png\",\"width\":150,\"height\":85,\"caption\":\"Dryad Consulting\"},\"image\":{\"@id\":\"https:\\\/\\\/dryadreceipting.com\\\/fr\\\/#\\\/schema\\\/logo\\\/image\\\/\"}}]}<\/script>\n<!-- \/ Yoast SEO plugin. -->","yoast_head_json":{"title":"Service d\u2019installation - Dryad Receipting for Salesforce","robots":{"index":"index","follow":"follow","max-snippet":"max-snippet:-1","max-image-preview":"max-image-preview:large","max-video-preview":"max-video-preview:-1"},"canonical":"https:\/\/dryadreceipting.com\/fr\/service-dinstallation\/","og_locale":"fr_FR","og_type":"article","og_title":"Service d\u2019installation - Dryad Receipting for Salesforce","og_description":"Soyons francs, \u00e7a vaut la peine parfois de demander l\u2019aide d\u2019une personne! L\u2019installation d\u2019une application peut s\u2019av\u00e9rer d\u00e9licate. Puis, vous voulez que ce soit bien fait du premier coup. C\u2019est compr\u00e9hensible. Peut-\u00eatre que&#8230; vous voulez avoir la certitude que l\u2019application est correctement configur\u00e9e du premier coup vous pr\u00e9f\u00e9rez vous concentrer sur votre mission et d\u00e9l\u00e9guer [&hellip;]","og_url":"https:\/\/dryadreceipting.com\/fr\/service-dinstallation\/","og_site_name":"Dryad Receipting for Salesforce","article_modified_time":"2023-03-27T12:08:58+00:00","twitter_card":"summary_large_image","twitter_misc":{"Dur\u00e9e de lecture estim\u00e9e":"1 minute"},"schema":{"@context":"https:\/\/schema.org","@graph":[{"@type":"WebPage","@id":"https:\/\/dryadreceipting.com\/fr\/service-dinstallation\/","url":"https:\/\/dryadreceipting.com\/fr\/service-dinstallation\/","name":"Service d\u2019installation - Dryad Receipting for Salesforce","isPartOf":{"@id":"https:\/\/dryadreceipting.com\/fr\/#website"},"datePublished":"2022-06-16T03:08:22+00:00","dateModified":"2023-03-27T12:08:58+00:00","breadcrumb":{"@id":"https:\/\/dryadreceipting.com\/fr\/service-dinstallation\/#breadcrumb"},"inLanguage":"fr-FR","potentialAction":[{"@type":"ReadAction","target":["https:\/\/dryadreceipting.com\/fr\/service-dinstallation\/"]}]},{"@type":"BreadcrumbList","@id":"https:\/\/dryadreceipting.com\/fr\/service-dinstallation\/#breadcrumb","itemListElement":[{"@type":"ListItem","position":1,"name":"Home","item":"https:\/\/dryadreceipting.com\/fr\/"},{"@type":"ListItem","position":2,"name":"Service d\u2019installation"}]},{"@type":"WebSite","@id":"https:\/\/dryadreceipting.com\/fr\/#website","url":"https:\/\/dryadreceipting.com\/fr\/","name":"Dryad Receipting","description":"D\u00e9livrance de re\u00e7us fiscaux aux organismes canadiens \u00e0 but non lucratif","publisher":{"@id":"https:\/\/dryadreceipting.com\/fr\/#organization"},"potentialAction":[{"@type":"SearchAction","target":{"@type":"EntryPoint","urlTemplate":"https:\/\/dryadreceipting.com\/fr\/?s={search_term_string}"},"query-input":{"@type":"PropertyValueSpecification","valueRequired":true,"valueName":"search_term_string"}}],"inLanguage":"fr-FR"},{"@type":"Organization","@id":"https:\/\/dryadreceipting.com\/fr\/#organization","name":"Dryad Consulting","url":"https:\/\/dryadreceipting.com\/fr\/","logo":{"@type":"ImageObject","inLanguage":"fr-FR","@id":"https:\/\/dryadreceipting.com\/fr\/#\/schema\/logo\/image\/","url":"https:\/\/dryadreceipting.com\/wp-content\/uploads\/2021\/10\/Dryad-Consulting.png","contentUrl":"https:\/\/dryadreceipting.com\/wp-content\/uploads\/2021\/10\/Dryad-Consulting.png","width":150,"height":85,"caption":"Dryad Consulting"},"image":{"@id":"https:\/\/dryadreceipting.com\/fr\/#\/schema\/logo\/image\/"}}]}},"_links":{"self":[{"href":"https:\/\/dryadreceipting.com\/fr\/wp-json\/wp\/v2\/pages\/434","targetHints":{"allow":["GET"]}}],"collection":[{"href":"https:\/\/dryadreceipting.com\/fr\/wp-json\/wp\/v2\/pages"}],"about":[{"href":"https:\/\/dryadreceipting.com\/fr\/wp-json\/wp\/v2\/types\/page"}],"author":[{"embeddable":true,"href":"https:\/\/dryadreceipting.com\/fr\/wp-json\/wp\/v2\/users\/1"}],"replies":[{"embeddable":true,"href":"https:\/\/dryadreceipting.com\/fr\/wp-json\/wp\/v2\/comments?post=434"}],"version-history":[{"count":5,"href":"https:\/\/dryadreceipting.com\/fr\/wp-json\/wp\/v2\/pages\/434\/revisions"}],"predecessor-version":[{"id":636,"href":"https:\/\/dryadreceipting.com\/fr\/wp-json\/wp\/v2\/pages\/434\/revisions\/636"}],"wp:attachment":[{"href":"https:\/\/dryadreceipting.com\/fr\/wp-json\/wp\/v2\/media?parent=434"}],"curies":[{"name":"wp","href":"https:\/\/api.w.org\/{rel}","templated":true}]}}