{"id":369,"date":"2022-09-23T08:50:20","date_gmt":"2022-09-23T12:50:20","guid":{"rendered":"https:\/\/dryadreceipting.com\/?page_id=369"},"modified":"2022-09-23T08:50:20","modified_gmt":"2022-09-23T12:50:20","slug":"politique-de-confidentialite","status":"publish","type":"page","link":"https:\/\/dryadreceipting.com\/fr\/politique-de-confidentialite\/","title":{"rendered":"Politique de confidentialit\u00e9"},"content":{"rendered":"<p style=\"text-align: right;\"><em>Derni\u00e8re mise \u00e0 jour le 21 septembre 2022<\/em><\/p>\n<p><strong>Dryad Consulting Inc. <\/strong>(faisant affaire sous le nom de commerce \u00ab\u00a0<strong><em>Dryad\u00a0\u00bb ou \u00ab\u00a0nous\u00a0\u00bb<\/em><\/strong>) maintient une application qui s\u2019appelle Re\u00e7us Dryad pour Salesforce et un site web <a href=\"http:\/\/www.dryadreceipting.com\">dryadreceipting.com<\/a> (collectivement, la \u00ab <strong><em>Plateforme<\/em><\/strong> \u00bb). Nous nous engageons \u00e0 prot\u00e9ger la confidentialit\u00e9 de l\u2019information personnelle de nos utilisateurs (les \u00ab\u00a0<strong><em>Utilisateurs<\/em><\/strong>\u00a0\u00bb) pendant qu\u2019ils interagissent avec le contenu, les produits et les services sur cette Plateforme. Cette Politique de confidentialit\u00e9 s\u2019applique uniquement \u00e0 cette Plateforme. Elle ne s\u2019applique pas aux autres sites Web envers lesquels nous avons un lien. Parce que nous recueillons certains types d\u2019information au sujet de nos utilisateurs, nous voulons que vous compreniez quelle information nous recueillons \u00e0 votre sujet, comment nous la recueillons, comment cette information est utilis\u00e9e et comment vous pouvez contr\u00f4ler notre divulgation de celle-ci. Vous acceptez que votre utilisation de la Plateforme indique votre accord pour cette Politique de confidentialit\u00e9 ainsi que pour les Conditions d\u2019utilisation de la Plateforme. Si vous n\u2019acceptez pas cette Politique de confidentialit\u00e9 ou les Conditions d\u2019utilisation, veuillez ne pas utiliser la Plateforme.<\/p>\n<h2><strong>Information recueillie des Utilisateurs<\/strong><\/h2>\n<p>Nous recueillons deux types d\u2019information de vous: i) l\u2019information que vous nous fournissez lors du processus d\u2019enregistrement volontaire et ii) l\u2019information provenant de m\u00e9canismes automatis\u00e9s de suivi.<\/p>\n<h3>Information lors d\u2019enregistrement volontaire.<\/h3>\n<p>Afin d\u2019acheter des biens et des services de cette Plateforme, vous devez en premier compl\u00e9ter la proc\u00e9dure d\u2019enregistrement, au cours de laquelle nous recueillerons de l\u2019information personnelle \u00e0 votre sujet. L\u2019information inclura vos nom, adresse(es) courriel, adresse civique, langage de communication pr\u00e9f\u00e9r\u00e9, num\u00e9ro de t\u00e9l\u00e9phone, ainsi que vos pr\u00e9f\u00e9rences, vos sujets d\u2019int\u00e9r\u00eat ou autres renseignements qui, nous croyons, nous permettront de vous fournir un service plus adapt\u00e9. Nous ne recueillons pas d\u2019information personnellement identifiable \u00e0 votre sujet, sauf lorsque vous l\u2019avez volontairement divulgu\u00e9e.<\/p>\n<p>En vous inscrivant avec nous, vous consentez \u00e0 l\u2019utilisation et \u00e0 la m\u00e9thode de divulgation telles que d\u00e9crites dans cette Politique de confidentialit\u00e9.<\/p>\n<h3>Cookies et autres technologies automatis\u00e9s de suivi et de tra\u00e7age<\/h3>\n<p>Cette Plateforme utilise des \u00ab\u00a0t\u00e9moins\u00a0\u00bb et d\u2019autres technologies de suivi et de tra\u00e7age (&#8220;<strong><em>Cookies<\/em><\/strong>&#8220;). Les Cookies nous permettent d\u2019offrir des pages s\u00fbres \u00e0 nos Utilisateurs sans leur demander de s\u2019inscrire \u00e0 plusieurs reprises. La plupart des navigateurs vous permettent de contr\u00f4ler les Cookies, incluant de les accepter ou non et comment les supprimer. Si le syst\u00e8me d\u2019un Utilisateur est en attente pendant un certain temps, le Cookie pourra expirer, obligeant l\u2019Utilisateur de s\u2019inscrire \u00e0 nouveau pour continuer sa session. Ceci emp\u00eache l\u2019acc\u00e8s non autoris\u00e9 \u00e0 l\u2019information de l\u2019Utilisateur pendant qu\u2019il est \u00e9loign\u00e9 de son ordinateur.<\/p>\n<p>Vous pouvez programmer la plupart des navigateurs \u00e0 vous aviser si vous recevez un t\u00e9moin, ou vous pouvez d\u00e9cider de bloquer les Cookies avec votre navigateur, mais veuillez prendre note que si vous d\u00e9cidez de supprimer ou de bloquer les Cookies, vous devrez inscrire votre nom d\u2019utilisateur originel et mot de passe pour avoir acc\u00e8s \u00e0 certaines parties de la Plateforme.<\/p>\n<h2><strong>Informations collect\u00e9es aupr\u00e8s de tiers et fournies \u00e0 des tiers<\/strong><\/h2>\n<p>Compte tenu de la nature de notre activit\u00e9, nous utiliserons vos informations personnelles qui nous sont fournies par des tiers, tels que ceux avec lesquels vous vous \u00eates inscrit, \u00e0 savoir Salesforce.com et Salesforce.org et des organisations \u00e0 but non lucratif, afin de vous fournir nos produits et services, comme indiqu\u00e9 plus en d\u00e9tail dans les pr\u00e9sentes, les Conditions d\u2019utilisation et la Plateforme.<\/p>\n<p>Nous fournirons \u00e9galement vos informations personnelles \u00e0 des tiers qui nous aideront \u00e0 vous fournir ces produits et services, notamment en ce qui concerne les factures que nous pr\u00e9parons, le traitement et la gestion des paiements, tels que vos frais d\u2019abonnement. Nous ne stockons aucune information de carte de cr\u00e9dit des Utilisateurs sur notre Plateforme ou dans nos syst\u00e8mes car les Utilisateurs seront directement li\u00e9s \u00e0 la plateforme du processeur de paiement.<\/p>\n<p>Nous ne sommes pas responsables de l\u2019utilisation de vos informations personnelles par des tiers. Dans la plupart des cas, vous serez li\u00e9 \u00e0 ces plateformes des tiers et vous aurez la possibilit\u00e9 de r\u00e9viser leurs politiques de confidentialit\u00e9 ou de les contacter directement si vous avez des questions ou des pr\u00e9occupations.<\/p>\n<h2><strong>Comment nous utilisons votre information<\/strong><\/h2>\n<p>Cette Plateforme n\u2019utilise votre information personnelle que pour les raisons donn\u00e9es originellement ou tel qu\u2019autrement d\u00e9crit dans les Conditions d\u2019utilisation. Votre information personnelle ne sera pas vendue ou autrement transf\u00e9r\u00e9e \u00e0 des tierces parties non affili\u00e9es sans votre approbation lors de la cueillette. Cette Plateforme peut, cependant, divulguer, utiliser, donner ou vendre votre information personnelle \u00e0 des marchands, fournisseurs, fournisseurs de service, commerces affili\u00e9s, incluant mais sans s\u2019y restreindre \u00e0 des partenaires d\u2019affaires, conc\u00e9dants de licences, et autres tierces parties qui ont besoin de savoir pour pouvoir fournir les services en relation avec cette Plateforme ou avec lesquels nous avons une relation d\u2019affaires, dans le cas d\u2019une fusion v\u00e9ritable ou propos\u00e9e ou vente d\u2019actifs ou tel que la loi requiert.<\/p>\n<p>Veuillez prendre note que l\u2019information personnelle n\u2019est utilis\u00e9e que pour vous offrir une exp\u00e9rience en ligne plus plaisante, convenable et pour nous aider \u00e0 identifier et\/ou fournir l\u2019information, les produits ou services qui pourraient vous int\u00e9resser. Nous utilisons votre information personnelle pour supporter et am\u00e9liorer votre utilisation de la Plateforme et de ses options, incluant <strong>sans s\u2019y restreindre<\/strong>: remplir votre commande; fournir le service \u00e0 la client\u00e8le; faire le suivi des courriels que vous nous envoyez; et autrement supporter votre utilisation de la Plateforme. De plus, cette Plateforme se r\u00e9serve le droit de vous contacter concernant des sujets pertinents au service de base fourni et\/ou \u00e0 l\u2019information recueillie.<\/p>\n<p>Nous pouvons permettre \u00e0 certaines tierces parties avec qui nous faisons affaires de faire le suivi de l\u2019utilisation, d\u2019analyser les donn\u00e9es, votre adresse IP ou nom de domaine, la date et l\u2019heure de la requ\u00eate de page, le site web qui r\u00e9f\u00e8re (s\u2019il en est) et d\u2019autres param\u00e8tres dans le URL. Ceci est recueilli afin de mieux comprendre l\u2019utilisation de notre Plateforme, et d\u2019am\u00e9liorer la performance des services pour maintenir et op\u00e9rer la Plateforme et certaines fonctions sur la Plateforme. Nous pouvons utiliser des tierces parties pour h\u00e9berger la Plateforme; op\u00e9rer diverses fonctions disponibles sur la Plateforme; envoyer des courriels; analyser des donn\u00e9es; fournir les r\u00e9sultats de recherche et liens et aider \u00e0 remplir vos commandes.<\/p>\n<p>Nous pouvons \u00e9galement partager l\u2019information personnelle identifiable ou autre information avec notre parent, nos filiales, divisions, et affili\u00e9s.<\/p>\n<p>Nous pouvons transf\u00e9rer de l\u2019information personnelle \u00e0 titre d\u2019actif en relation avec une fusion ou une vente propos\u00e9e ou r\u00e9elle (incluant tous transferts faits dans le cadre de proc\u00e9dure d\u2019insolvabilit\u00e9 ou de faillite) impliquant toute ou une partie de notre entreprise ou dans le cadre d\u2019une r\u00e9organisation corporative, vente d\u2019actions ou autre changement de contr\u00f4le.<\/p>\n<p>Nous pouvons divulguer de l\u2019information personnelle dans des cas sp\u00e9ciaux o\u00f9 nous avons raison de croire que de divulguer cette information est n\u00e9cessaire pour identifier, contacter ou entreprendre des proc\u00e9dures l\u00e9gales contre une personne qui peut enfreindre nos Conditions d\u2019utilisation, notre Politique de confidentialit\u00e9 ou qui peut causer des blessures ou de l\u2019interf\u00e9rence avec nos droits ou propri\u00e9t\u00e9, ou que nos Utilisateurs, autres tierces parties avec qui nous avons une relation d\u2019affaire pour livrer nos produits et services, toute partie \u00e0 qui un tort pourrait \u00eatre caus\u00e9 par de telles activit\u00e9s ou lorsque requis par la Loi.<\/p>\n<p>NOUS NE SOMMES PAS RESPONSABLES POUR L\u2019INFORMATION PERSONNELLE IDENTIFIABLE OU AUTRE INFORMATION PERSONNELLE QUE VOUS D\u00c9CIDEZ DE SOUMETTRE DANS DES TOUTE SECTION DE LA PLATEFORME QUI EST PUBLIQUEMENT ACCESSIBLE..<\/p>\n<p>Nous utilisons un agr\u00e9gat de l\u2019information non-identifiable pour mieux concevoir notre Plateforme et pour des raisons d\u2019affaires et administratives. Nous pouvons \u00e9galement utiliser ou partager avec des tierces parties pour toute raison un agr\u00e9gat de donn\u00e9es qui ne contient aucune information personnelle identifiable.<\/p>\n<h2><strong>Comment nous prot\u00e9geons votre information<\/strong><\/h2>\n<p>Nous nous engageons \u00e0 prot\u00e9ger l\u2019information personnelle que vous nous communiquez. Sujet aux termes de cette Politique de confidentialit\u00e9, nous prenons des mesures de s\u00e9curit\u00e9 appropri\u00e9es pour prot\u00e9ger votre information personnelle contre l\u2019acc\u00e8s non autoris\u00e9 ou l\u2019alt\u00e9ration non autoris\u00e9e, la divulgation ou la destruction de donn\u00e9es. Pour emp\u00eacher l\u2019acc\u00e8s non autoris\u00e9, maintenir l\u2019exactitude des donn\u00e9es, et garantir l\u2019utilisation correcte de l\u2019information, nous maintenons les proc\u00e9dures physiques, \u00e9lectroniques, et de gestion appropri\u00e9es pour sauvegarder et prot\u00e9ger l\u2019information et les donn\u00e9es enregistr\u00e9es sur notre syst\u00e8me. Bien qu\u2019aucun syst\u00e8me informatique ne soit compl\u00e8tement s\u00fbr, nous croyons que les mesures que nous avons implant\u00e9es r\u00e9duisent la probabilit\u00e9 de probl\u00e8mes de s\u00e9curit\u00e9 \u00e0 un niveau appropri\u00e9 pour le type de donn\u00e9es impliqu\u00e9es.<\/p>\n<h2><strong>Acc\u00e9der \u00e0 et mettre \u00e0 jour votre information personnelle et vos pr\u00e9f\u00e9rences<\/strong><\/h2>\n<p>Nous fournissons les m\u00e9canismes pour mettre \u00e0 jour et modifier votre information personnelle sur note Plateforme. Vous pouvez \u00a0le faire en nous contactons. Veuillez voir la section intitul\u00e9e \u00ab\u00a0Information de contact\u00a0\u00bb plus bas.<\/p>\n<h2><strong>Inscription et d\u00e9sabonnement<\/strong><\/h2>\n<p>Nous nous engageons \u00e0 vous fournir des communications et des informations opportunes, pertinentes et perspicaces. Dryad s\u2019engage \u00e9galement \u00e0 respecter la l\u00e9gislation anti-pourriel applicable. En vous inscrivant sur notre Plateforme, vous avez explicitement donn\u00e9 votre consentement \u00e0 recevoir certaines communications et informations de Dryad.<\/p>\n<p>Si vous ne voulez plus recevoir des notifications ou de l\u2019information de Dryad, vous pouvez le demander en cliquant simplement sur le lien de \u00ab\u00a0d\u00e9sabonnement\u00a0\u00bb. Vous pouvez aussi le faire en envoyant \u00e0 Dryad un courriel demandant \u00e0 \u00eatre d\u00e9sabonn\u00e9 de sa liste de courriels (voir la section \u00ab\u00a0Information de contact\u00a0\u00bb ci-dessous). Nous ferons des efforts commercialement raisonnables pour ex\u00e9cuter vos demandes de d\u00e9sabonnement rapidement, mais vous pourriez encore recevoir des communications de nous jusqu\u2019\u00e0 quelques semaines pendant que nous traitons votre requ\u00eate.<\/p>\n<h2><strong>Limitation de s\u00e9curit\u00e9 <\/strong><\/h2>\n<p>En acceptant les Conditions d\u2019utilisation et la Politique de confidentialit\u00e9 de la Plateforme, vous acceptez qu\u2019aucune transmission de donn\u00e9es par Internet n\u2019est compl\u00e8tement s\u00fbre. Nous ne pouvons pas garantir la s\u00e9curit\u00e9 d\u2019aucune information que vous nous fournissez et vous nous transmettez telle information \u00e0 vos propres risques.<\/p>\n<h2><strong>Modification de le Politique de confidentialit\u00e9 <\/strong><\/h2>\n<p>Nous r\u00e9servons le droit de modifier cette Politique de confidentialit\u00e9 de temps \u00e0 autre \u00e0 notre enti\u00e8re discr\u00e9tion. Si \u00e0 un certain point dans le futur, il y a une modification \u00e0 notre Politique de confidentialit\u00e9, \u00e0 moins que nous n\u2019obtenions votre accord formel, une telle modification ne s\u2019appliquera qu\u2019\u00e0 l\u2019information recueillie apr\u00e8s que la Politique de confidentialit\u00e9 r\u00e9vis\u00e9e ait pris effet. Votre utilisation continue de la Plateforme indique votre accord pour la Politique de confidentialit\u00e9 telle qu\u2019affich\u00e9e.`<\/p>\n<h2><strong>Loi applicable<\/strong><\/h2>\n<p>La pr\u00e9sente Politique de confidentialit\u00e9 est r\u00e9gie \u00e0 tous \u00e9gards par les lois de la province de Qu\u00e9bec et les lois f\u00e9d\u00e9rales canadiennes qui lui sont applicables, sans r\u00e9f\u00e9rence aux r\u00e8gles de conflit de lois.<\/p>\n<h2><strong>Contactez-nous<\/strong><\/h2>\n<p>Si vous d\u00e9sirez avoir des renseignements suppl\u00e9mentaires en rapport avec cette Politique de confidentialit\u00e9 ou pour toute autre raison, veuillez contacter Dryad \u00e0 <a href=\"mailto:support@dryadconsulting.com\">support@dryadconsulting.com<\/a>.<\/p>\n<h2><strong>Divers<\/strong><\/h2>\n<p>La Politique de confidentialit\u00e9 et les Conditions d\u2019utilisation, qui ont \u00e9t\u00e9 incorpor\u00e9es ici par r\u00e9f\u00e9rence, constituent l\u2019enti\u00e8re entente entre vous et Dryad ayant trait \u00e0 la pr\u00e9sente mati\u00e8re et remplacent toute entente orale ou \u00e9crite pr\u00e9c\u00e9dente concernant un tel sujet. Les titres des sections utilis\u00e9s dans la pr\u00e9sente sont pour convenance seulement et n\u2019auront aucune force l\u00e9gale ou effet l\u00e9gal. L\u2019invalidit\u00e9 ou la nullit\u00e9 de toute disposition de cette Politique n\u2019affectera pas le reste des dispositions de la pr\u00e9sente, qui continueront \u00e0 avoir plein effet et seront interpr\u00e9t\u00e9es comme si une telle clause invalide ou nulle n\u2019avait jamais \u00e9t\u00e9 \u00e9crite. L\u2019\u00e9chec d\u2019une des parties \u00e0 exercer quelconque de ses droits sous cette Politique sera consid\u00e9r\u00e9 une renonciation ou une d\u00e9ch\u00e9ance de tels droits ou de tout autre droit consenti par la pr\u00e9sente. Les Parties sont des entrepreneurs ind\u00e9pendants. Rien dans la pr\u00e9sente ne sera consid\u00e9r\u00e9 cr\u00e9er un partenariat commercial, une association ou un interm\u00e9diaire entre les Parties. Cette Politique peut \u00eatre adapt\u00e9e aux circonstances commerciales sp\u00e9cifiques de certains accords commerciaux mais ceci doit \u00eatre fait avec le consentement formel \u00e9crit de Dryad.<\/p>\n","protected":false},"excerpt":{"rendered":"<p>Derni\u00e8re mise \u00e0 jour le 21 septembre 2022 Dryad Consulting Inc. (faisant affaire sous le nom de commerce \u00ab\u00a0Dryad\u00a0\u00bb ou \u00ab\u00a0nous\u00a0\u00bb) maintient une application qui s\u2019appelle Re\u00e7us Dryad pour Salesforce et un site web dryadreceipting.com (collectivement, la \u00ab Plateforme \u00bb). Nous nous engageons \u00e0 prot\u00e9ger la confidentialit\u00e9 de l\u2019information personnelle de nos utilisateurs (les \u00ab\u00a0Utilisateurs\u00a0\u00bb) [&hellip;]<\/p>\n","protected":false},"author":1,"featured_media":0,"parent":0,"menu_order":0,"comment_status":"closed","ping_status":"closed","template":"full-width.php","meta":{"nf_dc_page":"","_monsterinsights_skip_tracking":false,"_monsterinsights_sitenote_active":false,"_monsterinsights_sitenote_note":"","_monsterinsights_sitenote_category":0,"footnotes":""},"class_list":["post-369","page","type-page","status-publish","hentry","post index-post"],"yoast_head":"<!-- This site is optimized with the Yoast SEO plugin v27.4 - https:\/\/yoast.com\/product\/yoast-seo-wordpress\/ -->\n<title>Politique de confidentialit\u00e9 - Dryad Receipting for Salesforce<\/title>\n<meta name=\"robots\" content=\"index, follow, max-snippet:-1, max-image-preview:large, max-video-preview:-1\" \/>\n<link rel=\"canonical\" href=\"https:\/\/dryadreceipting.com\/fr\/politique-de-confidentialite\/\" \/>\n<meta property=\"og:locale\" content=\"fr_FR\" \/>\n<meta property=\"og:type\" content=\"article\" \/>\n<meta property=\"og:title\" content=\"Politique de confidentialit\u00e9 - Dryad Receipting for Salesforce\" \/>\n<meta property=\"og:description\" content=\"Derni\u00e8re mise \u00e0 jour le 21 septembre 2022 Dryad Consulting Inc. (faisant affaire sous le nom de commerce \u00ab\u00a0Dryad\u00a0\u00bb ou \u00ab\u00a0nous\u00a0\u00bb) maintient une application qui s\u2019appelle Re\u00e7us Dryad pour Salesforce et un site web dryadreceipting.com (collectivement, la \u00ab Plateforme \u00bb). Nous nous engageons \u00e0 prot\u00e9ger la confidentialit\u00e9 de l\u2019information personnelle de nos utilisateurs (les \u00ab\u00a0Utilisateurs\u00a0\u00bb) [&hellip;]\" \/>\n<meta property=\"og:url\" content=\"https:\/\/dryadreceipting.com\/fr\/politique-de-confidentialite\/\" \/>\n<meta property=\"og:site_name\" content=\"Dryad Receipting for Salesforce\" \/>\n<meta name=\"twitter:card\" content=\"summary_large_image\" \/>\n<meta name=\"twitter:label1\" content=\"Dur\u00e9e de lecture estim\u00e9e\" \/>\n\t<meta name=\"twitter:data1\" content=\"9 minutes\" \/>\n<script type=\"application\/ld+json\" class=\"yoast-schema-graph\">{\"@context\":\"https:\\\/\\\/schema.org\",\"@graph\":[{\"@type\":\"WebPage\",\"@id\":\"https:\\\/\\\/dryadreceipting.com\\\/fr\\\/politique-de-confidentialite\\\/\",\"url\":\"https:\\\/\\\/dryadreceipting.com\\\/fr\\\/politique-de-confidentialite\\\/\",\"name\":\"Politique de confidentialit\u00e9 - Dryad Receipting for Salesforce\",\"isPartOf\":{\"@id\":\"https:\\\/\\\/dryadreceipting.com\\\/fr\\\/#website\"},\"datePublished\":\"2022-09-23T12:50:20+00:00\",\"breadcrumb\":{\"@id\":\"https:\\\/\\\/dryadreceipting.com\\\/fr\\\/politique-de-confidentialite\\\/#breadcrumb\"},\"inLanguage\":\"fr-FR\",\"potentialAction\":[{\"@type\":\"ReadAction\",\"target\":[\"https:\\\/\\\/dryadreceipting.com\\\/fr\\\/politique-de-confidentialite\\\/\"]}]},{\"@type\":\"BreadcrumbList\",\"@id\":\"https:\\\/\\\/dryadreceipting.com\\\/fr\\\/politique-de-confidentialite\\\/#breadcrumb\",\"itemListElement\":[{\"@type\":\"ListItem\",\"position\":1,\"name\":\"Home\",\"item\":\"https:\\\/\\\/dryadreceipting.com\\\/fr\\\/\"},{\"@type\":\"ListItem\",\"position\":2,\"name\":\"Politique de confidentialit\u00e9\"}]},{\"@type\":\"WebSite\",\"@id\":\"https:\\\/\\\/dryadreceipting.com\\\/fr\\\/#website\",\"url\":\"https:\\\/\\\/dryadreceipting.com\\\/fr\\\/\",\"name\":\"Dryad Receipting\",\"description\":\"D\u00e9livrance de re\u00e7us fiscaux aux organismes canadiens \u00e0 but non lucratif\",\"publisher\":{\"@id\":\"https:\\\/\\\/dryadreceipting.com\\\/fr\\\/#organization\"},\"potentialAction\":[{\"@type\":\"SearchAction\",\"target\":{\"@type\":\"EntryPoint\",\"urlTemplate\":\"https:\\\/\\\/dryadreceipting.com\\\/fr\\\/?s={search_term_string}\"},\"query-input\":{\"@type\":\"PropertyValueSpecification\",\"valueRequired\":true,\"valueName\":\"search_term_string\"}}],\"inLanguage\":\"fr-FR\"},{\"@type\":\"Organization\",\"@id\":\"https:\\\/\\\/dryadreceipting.com\\\/fr\\\/#organization\",\"name\":\"Dryad Consulting\",\"url\":\"https:\\\/\\\/dryadreceipting.com\\\/fr\\\/\",\"logo\":{\"@type\":\"ImageObject\",\"inLanguage\":\"fr-FR\",\"@id\":\"https:\\\/\\\/dryadreceipting.com\\\/fr\\\/#\\\/schema\\\/logo\\\/image\\\/\",\"url\":\"https:\\\/\\\/dryadreceipting.com\\\/wp-content\\\/uploads\\\/2021\\\/10\\\/Dryad-Consulting.png\",\"contentUrl\":\"https:\\\/\\\/dryadreceipting.com\\\/wp-content\\\/uploads\\\/2021\\\/10\\\/Dryad-Consulting.png\",\"width\":150,\"height\":85,\"caption\":\"Dryad Consulting\"},\"image\":{\"@id\":\"https:\\\/\\\/dryadreceipting.com\\\/fr\\\/#\\\/schema\\\/logo\\\/image\\\/\"}}]}<\/script>\n<!-- \/ Yoast SEO plugin. -->","yoast_head_json":{"title":"Politique de confidentialit\u00e9 - Dryad Receipting for Salesforce","robots":{"index":"index","follow":"follow","max-snippet":"max-snippet:-1","max-image-preview":"max-image-preview:large","max-video-preview":"max-video-preview:-1"},"canonical":"https:\/\/dryadreceipting.com\/fr\/politique-de-confidentialite\/","og_locale":"fr_FR","og_type":"article","og_title":"Politique de confidentialit\u00e9 - Dryad Receipting for Salesforce","og_description":"Derni\u00e8re mise \u00e0 jour le 21 septembre 2022 Dryad Consulting Inc. (faisant affaire sous le nom de commerce \u00ab\u00a0Dryad\u00a0\u00bb ou \u00ab\u00a0nous\u00a0\u00bb) maintient une application qui s\u2019appelle Re\u00e7us Dryad pour Salesforce et un site web dryadreceipting.com (collectivement, la \u00ab Plateforme \u00bb). Nous nous engageons \u00e0 prot\u00e9ger la confidentialit\u00e9 de l\u2019information personnelle de nos utilisateurs (les \u00ab\u00a0Utilisateurs\u00a0\u00bb) [&hellip;]","og_url":"https:\/\/dryadreceipting.com\/fr\/politique-de-confidentialite\/","og_site_name":"Dryad Receipting for Salesforce","twitter_card":"summary_large_image","twitter_misc":{"Dur\u00e9e de lecture estim\u00e9e":"9 minutes"},"schema":{"@context":"https:\/\/schema.org","@graph":[{"@type":"WebPage","@id":"https:\/\/dryadreceipting.com\/fr\/politique-de-confidentialite\/","url":"https:\/\/dryadreceipting.com\/fr\/politique-de-confidentialite\/","name":"Politique de confidentialit\u00e9 - Dryad Receipting for Salesforce","isPartOf":{"@id":"https:\/\/dryadreceipting.com\/fr\/#website"},"datePublished":"2022-09-23T12:50:20+00:00","breadcrumb":{"@id":"https:\/\/dryadreceipting.com\/fr\/politique-de-confidentialite\/#breadcrumb"},"inLanguage":"fr-FR","potentialAction":[{"@type":"ReadAction","target":["https:\/\/dryadreceipting.com\/fr\/politique-de-confidentialite\/"]}]},{"@type":"BreadcrumbList","@id":"https:\/\/dryadreceipting.com\/fr\/politique-de-confidentialite\/#breadcrumb","itemListElement":[{"@type":"ListItem","position":1,"name":"Home","item":"https:\/\/dryadreceipting.com\/fr\/"},{"@type":"ListItem","position":2,"name":"Politique de confidentialit\u00e9"}]},{"@type":"WebSite","@id":"https:\/\/dryadreceipting.com\/fr\/#website","url":"https:\/\/dryadreceipting.com\/fr\/","name":"Dryad Receipting","description":"D\u00e9livrance de re\u00e7us fiscaux aux organismes canadiens \u00e0 but non lucratif","publisher":{"@id":"https:\/\/dryadreceipting.com\/fr\/#organization"},"potentialAction":[{"@type":"SearchAction","target":{"@type":"EntryPoint","urlTemplate":"https:\/\/dryadreceipting.com\/fr\/?s={search_term_string}"},"query-input":{"@type":"PropertyValueSpecification","valueRequired":true,"valueName":"search_term_string"}}],"inLanguage":"fr-FR"},{"@type":"Organization","@id":"https:\/\/dryadreceipting.com\/fr\/#organization","name":"Dryad Consulting","url":"https:\/\/dryadreceipting.com\/fr\/","logo":{"@type":"ImageObject","inLanguage":"fr-FR","@id":"https:\/\/dryadreceipting.com\/fr\/#\/schema\/logo\/image\/","url":"https:\/\/dryadreceipting.com\/wp-content\/uploads\/2021\/10\/Dryad-Consulting.png","contentUrl":"https:\/\/dryadreceipting.com\/wp-content\/uploads\/2021\/10\/Dryad-Consulting.png","width":150,"height":85,"caption":"Dryad Consulting"},"image":{"@id":"https:\/\/dryadreceipting.com\/fr\/#\/schema\/logo\/image\/"}}]}},"_links":{"self":[{"href":"https:\/\/dryadreceipting.com\/fr\/wp-json\/wp\/v2\/pages\/369","targetHints":{"allow":["GET"]}}],"collection":[{"href":"https:\/\/dryadreceipting.com\/fr\/wp-json\/wp\/v2\/pages"}],"about":[{"href":"https:\/\/dryadreceipting.com\/fr\/wp-json\/wp\/v2\/types\/page"}],"author":[{"embeddable":true,"href":"https:\/\/dryadreceipting.com\/fr\/wp-json\/wp\/v2\/users\/1"}],"replies":[{"embeddable":true,"href":"https:\/\/dryadreceipting.com\/fr\/wp-json\/wp\/v2\/comments?post=369"}],"version-history":[{"count":1,"href":"https:\/\/dryadreceipting.com\/fr\/wp-json\/wp\/v2\/pages\/369\/revisions"}],"predecessor-version":[{"id":370,"href":"https:\/\/dryadreceipting.com\/fr\/wp-json\/wp\/v2\/pages\/369\/revisions\/370"}],"wp:attachment":[{"href":"https:\/\/dryadreceipting.com\/fr\/wp-json\/wp\/v2\/media?parent=369"}],"curies":[{"name":"wp","href":"https:\/\/api.w.org\/{rel}","templated":true}]}}